{"id":72,"date":"2020-12-08T15:52:37","date_gmt":"2020-12-08T14:52:37","guid":{"rendered":"http:\/\/ssv-ev.de\/lgsachsen\/?page_id=72"},"modified":"2025-05-18T09:45:09","modified_gmt":"2025-05-18T07:45:09","slug":"deckrueden","status":"publish","type":"page","link":"https:\/\/ssv-ev.de\/lgsachsen\/deckrueden\/","title":{"rendered":"Deckr\u00fcden"},"content":{"rendered":"\t\t<div data-elementor-type=\"wp-page\" data-elementor-id=\"72\" class=\"elementor elementor-72\" data-elementor-post-type=\"page\">\n\t\t\t\t\t\t<section class=\"elementor-section elementor-top-section elementor-element elementor-element-30cfbac3 elementor-section-boxed elementor-section-height-default elementor-section-height-default\" data-id=\"30cfbac3\" data-element_type=\"section\" data-e-type=\"section\">\n\t\t\t\t\t\t<div class=\"elementor-container elementor-column-gap-default\">\n\t\t\t\t\t<div class=\"elementor-column elementor-col-100 elementor-top-column elementor-element elementor-element-3307cc0a\" data-id=\"3307cc0a\" data-element_type=\"column\" data-e-type=\"column\">\n\t\t\t<div class=\"elementor-widget-wrap elementor-element-populated\">\n\t\t\t\t\t\t<div class=\"elementor-element elementor-element-4f96ecb2 elementor-widget elementor-widget-heading\" data-id=\"4f96ecb2\" data-element_type=\"widget\" data-e-type=\"widget\" data-widget_type=\"heading.default\">\n\t\t\t\t<div class=\"elementor-widget-container\">\n\t\t\t\t\t<h2 class=\"elementor-heading-title elementor-size-default\">Landesgruppe Sachsen<\/h2>\t\t\t\t<\/div>\n\t\t\t\t<\/div>\n\t\t\t\t<div class=\"elementor-element elementor-element-2e3d2c1e elementor-widget-divider--view-line elementor-widget elementor-widget-divider\" data-id=\"2e3d2c1e\" data-element_type=\"widget\" data-e-type=\"widget\" data-widget_type=\"divider.default\">\n\t\t\t\t<div class=\"elementor-widget-container\">\n\t\t\t\t\t\t\t<div class=\"elementor-divider\">\n\t\t\t<span class=\"elementor-divider-separator\">\n\t\t\t\t\t\t<\/span>\n\t\t<\/div>\n\t\t\t\t\t\t<\/div>\n\t\t\t\t<\/div>\n\t\t\t\t<section class=\"elementor-section elementor-inner-section elementor-element elementor-element-6324aeef elementor-section-boxed elementor-section-height-default elementor-section-height-default\" data-id=\"6324aeef\" data-element_type=\"section\" data-e-type=\"section\">\n\t\t\t\t\t\t<div class=\"elementor-container elementor-column-gap-default\">\n\t\t\t\t\t<div class=\"elementor-column elementor-col-50 elementor-inner-column elementor-element elementor-element-2e9a1262\" data-id=\"2e9a1262\" data-element_type=\"column\" data-e-type=\"column\">\n\t\t\t<div class=\"elementor-widget-wrap elementor-element-populated\">\n\t\t\t\t\t\t<div class=\"elementor-element elementor-element-4a5333cd elementor-widget elementor-widget-heading\" data-id=\"4a5333cd\" data-element_type=\"widget\" data-e-type=\"widget\" data-widget_type=\"heading.default\">\n\t\t\t\t<div class=\"elementor-widget-container\">\n\t\t\t\t\t<h2 class=\"elementor-heading-title elementor-size-default\">Deckr\u00fcden<\/h2>\t\t\t\t<\/div>\n\t\t\t\t<\/div>\n\t\t\t\t<div class=\"elementor-element elementor-element-3cd820ea elementor-widget-divider--separator-type-pattern elementor-widget-divider--no-spacing elementor-widget-divider--view-line elementor-widget elementor-widget-divider\" data-id=\"3cd820ea\" data-element_type=\"widget\" data-e-type=\"widget\" data-widget_type=\"divider.default\">\n\t\t\t\t<div class=\"elementor-widget-container\">\n\t\t\t\t\t\t\t<div class=\"elementor-divider\" style=\"--divider-pattern-url: url(&quot;data:image\/svg+xml,%3Csvg xmlns=&#039;http:\/\/www.w3.org\/2000\/svg&#039; preserveAspectRatio=&#039;xMidYMid meet&#039; overflow=&#039;visible&#039; height=&#039;100%&#039; viewBox=&#039;0 0 126 26&#039; fill=&#039;black&#039; stroke=&#039;none&#039;%3E%3Cpath d=&#039;M3,10.2c2.6,0,2.6,2,2.6,3.2S4.4,16.5,3,16.5s-3-1.4-3-3.2S0.4,10.2,3,10.2z M18.8,10.2c1.7,0,3.2,1.4,3.2,3.2s-1.4,3.2-3.2,3.2c-1.7,0-3.2-1.4-3.2-3.2S17,10.2,18.8,10.2z M34.6,10.2c1.5,0,2.6,1.4,2.6,3.2s-0.5,3.2-1.9,3.2c-1.5,0-3.4-1.4-3.4-3.2S33.1,10.2,34.6,10.2z M50.5,10.2c1.7,0,3.2,1.4,3.2,3.2s-1.4,3.2-3.2,3.2c-1.7,0-3.3-0.9-3.3-2.6S48.7,10.2,50.5,10.2z M66.2,10.2c1.5,0,3.4,1.4,3.4,3.2s-1.9,3.2-3.4,3.2c-1.5,0-2.6-0.4-2.6-2.1S64.8,10.2,66.2,10.2z M82.2,10.2c1.7,0.8,2.6,1.4,2.6,3.2s-0.1,3.2-1.6,3.2c-1.5,0-3.7-1.4-3.7-3.2S80.5,9.4,82.2,10.2zM98.6,10.2c1.5,0,2.6,0.4,2.6,2.1s-1.2,4.2-2.6,4.2c-1.5,0-3.7-0.4-3.7-2.1S97.1,10.2,98.6,10.2z M113.4,10.2c1.2,0,2.2,0.9,2.2,3.2s-0.1,3.2-1.3,3.2s-3.1-1.4-3.1-3.2S112.2,10.2,113.4,10.2z&#039;\/%3E%3C\/svg%3E&quot;);\">\n\t\t\t<span class=\"elementor-divider-separator\">\n\t\t\t\t\t\t<\/span>\n\t\t<\/div>\n\t\t\t\t\t\t<\/div>\n\t\t\t\t<\/div>\n\t\t\t\t<div class=\"elementor-element elementor-element-1eceebd elementor-widget elementor-widget-text-editor\" data-id=\"1eceebd\" data-element_type=\"widget\" data-e-type=\"widget\" data-widget_type=\"text-editor.default\">\n\t\t\t\t<div class=\"elementor-widget-container\">\n\t\t\t\t\t\t\t\t\t<h2><strong>Appenzeller Sennenhund<\/strong><\/h2>\t\t\t\t\t\t\t\t<\/div>\n\t\t\t\t<\/div>\n\t\t\t\t<div class=\"elementor-element elementor-element-3769572 elementor-widget elementor-widget-text-editor\" data-id=\"3769572\" data-element_type=\"widget\" data-e-type=\"widget\" data-widget_type=\"text-editor.default\">\n\t\t\t\t<div class=\"elementor-widget-container\">\n\t\t\t\t\t\t\t\t\t<h2><strong>Berner Sennenhund<\/strong><\/h2>\t\t\t\t\t\t\t\t<\/div>\n\t\t\t\t<\/div>\n\t\t\t\t<div class=\"elementor-element elementor-element-8bb1c02 elementor-widget elementor-widget-text-editor\" data-id=\"8bb1c02\" data-element_type=\"widget\" data-e-type=\"widget\" data-widget_type=\"text-editor.default\">\n\t\t\t\t<div class=\"elementor-widget-container\">\n\t\t\t\t\t\t\t\t\t<h2><strong>Entlebucher Sennenhund<\/strong><\/h2>\t\t\t\t\t\t\t\t<\/div>\n\t\t\t\t<\/div>\n\t\t\t\t<div class=\"elementor-element elementor-element-23fe191 elementor-widget elementor-widget-text-editor\" data-id=\"23fe191\" data-element_type=\"widget\" data-e-type=\"widget\" data-widget_type=\"text-editor.default\">\n\t\t\t\t<div class=\"elementor-widget-container\">\n\t\t\t\t\t\t\t\t\t<div>\u00a0 Cato von den Kirschkauer Entlies<\/div><div>\u00a0 SSV-ES 64806<\/div><div>\u00a0 Angek\u00f6rt 05.11.2022<\/div><div>\u00a0 bisher zwei Deckakte Int\/Nat mit 3 und 7 Welpen<\/div><div>Besitzer: Maik Hahn<\/div><div>Infos bzw. Anfragen: \u00a0<a href=\"mailto:m.hahn1@imail.de\" target=\"_blank\" rel=\"noopener\">m.hahn1@imail.de<\/a>\u00a0oder\u00a0<a href=\"mailto:janine_tuchscherer@web.de\" target=\"_blank\" rel=\"noopener\">janine_tuchscherer@web.de<\/a><\/div><div>\u00a0<\/div>\t\t\t\t\t\t\t\t<\/div>\n\t\t\t\t<\/div>\n\t\t\t\t<div class=\"elementor-element elementor-element-359ac95 elementor-widget elementor-widget-text-editor\" data-id=\"359ac95\" data-element_type=\"widget\" data-e-type=\"widget\" data-widget_type=\"text-editor.default\">\n\t\t\t\t<div class=\"elementor-widget-container\">\n\t\t\t\t\t\t\t\t\t<h2><strong>Gro\u00dfer Schweizer Sennenhund<\/strong><\/h2>\t\t\t\t\t\t\t\t<\/div>\n\t\t\t\t<\/div>\n\t\t\t\t\t<\/div>\n\t\t<\/div>\n\t\t\t\t<div class=\"elementor-column elementor-col-50 elementor-inner-column elementor-element elementor-element-57211559\" data-id=\"57211559\" data-element_type=\"column\" data-e-type=\"column\">\n\t\t\t<div class=\"elementor-widget-wrap elementor-element-populated\">\n\t\t\t\t\t\t<div class=\"elementor-element elementor-element-a778794 elementor-hidden-phone elementor-widget elementor-widget-image\" data-id=\"a778794\" data-element_type=\"widget\" data-e-type=\"widget\" data-widget_type=\"image.default\">\n\t\t\t\t<div class=\"elementor-widget-container\">\n\t\t\t\t\t\t\t\t\t\t\t\t\t\t\t<img fetchpriority=\"high\" decoding=\"async\" width=\"703\" height=\"1744\" src=\"https:\/\/ssv-ev.de\/lgsachsen\/wp-content\/uploads\/sites\/26\/2021\/05\/RollUp2-2.jpg\" class=\"attachment-full size-full wp-image-436\" alt=\"\" srcset=\"https:\/\/ssv-ev.de\/lgsachsen\/wp-content\/uploads\/sites\/26\/2021\/05\/RollUp2-2.jpg 703w, https:\/\/ssv-ev.de\/lgsachsen\/wp-content\/uploads\/sites\/26\/2021\/05\/RollUp2-2-121x300.jpg 121w, https:\/\/ssv-ev.de\/lgsachsen\/wp-content\/uploads\/sites\/26\/2021\/05\/RollUp2-2-413x1024.jpg 413w, https:\/\/ssv-ev.de\/lgsachsen\/wp-content\/uploads\/sites\/26\/2021\/05\/RollUp2-2-619x1536.jpg 619w\" sizes=\"(max-width: 703px) 100vw, 703px\" \/>\t\t\t\t\t\t\t\t\t\t\t\t\t\t\t<\/div>\n\t\t\t\t<\/div>\n\t\t\t\t<div class=\"elementor-element elementor-element-d5b947b elementor-widget-divider--separator-type-pattern elementor-widget-divider--bg-round elementor-widget-divider--view-line elementor-invisible elementor-widget elementor-widget-divider\" data-id=\"d5b947b\" data-element_type=\"widget\" data-e-type=\"widget\" data-settings=\"{&quot;_animation&quot;:&quot;fadeInLeft&quot;}\" data-widget_type=\"divider.default\">\n\t\t\t\t<div class=\"elementor-widget-container\">\n\t\t\t\t\t\t\t<div class=\"elementor-divider\" style=\"--divider-pattern-url: url(&quot;data:image\/svg+xml,%3Csvg xmlns=&#039;http:\/\/www.w3.org\/2000\/svg&#039; preserveAspectRatio=&#039;xMidYMid meet&#039; overflow=&#039;visible&#039; height=&#039;100%&#039; viewBox=&#039;0 0 24 24&#039; fill=&#039;black&#039; stroke=&#039;none&#039;%3E%3Cpath d=&#039;M14.2,4c0.3,0,0.5,0.1,0.7,0.3l7.9,7.2c0.2,0.2,0.3,0.4,0.3,0.7s-0.1,0.5-0.3,0.7l-7.9,7.2c-0.2,0.2-0.4,0.3-0.7,0.3s-0.5-0.1-0.7-0.3s-0.3-0.4-0.3-0.7l0-2.9l-11.5,0c-0.4,0-0.7-0.3-0.7-0.7V9.4C1,9,1.3,8.7,1.7,8.7l11.5,0l0-3.6c0-0.3,0.1-0.5,0.3-0.7S13.9,4,14.2,4z&#039;\/%3E%3C\/svg%3E&quot;);\">\n\t\t\t<span class=\"elementor-divider-separator\">\n\t\t\t\t\t\t<\/span>\n\t\t<\/div>\n\t\t\t\t\t\t<\/div>\n\t\t\t\t<\/div>\n\t\t\t\t<div class=\"elementor-element elementor-element-566bed03 elementor-widget elementor-widget-text-editor\" data-id=\"566bed03\" data-element_type=\"widget\" data-e-type=\"widget\" data-widget_type=\"text-editor.default\">\n\t\t\t\t<div class=\"elementor-widget-container\">\n\t\t\t\t\t\t\t\t\t<ul><li style=\"text-align: left\"><a href=\"http:\/\/ssv-ev.de\/lgsachsen\/willkommen\/\">Willkommen<\/a><\/li><li style=\"text-align: left\"><a href=\"http:\/\/ssv-ev.de\/lgsachsen\/der-vorstand\/\">Der Vorstand<\/a><\/li><li style=\"text-align: left\"><a href=\"http:\/\/ssv-ev.de\/lgsachsen\/aktuelles\/\">Aktuelles<\/a><\/li><li style=\"text-align: left\"><a href=\"http:\/\/ssv-ev.de\/lgsachsen\/termine\/\">Termine<\/a><\/li><li style=\"text-align: left\"><a href=\"http:\/\/ssv-ev.de\/lgsachsen\/deckrueden\/\">Deckr\u00fcden<\/a><\/li><li style=\"text-align: left\"><a href=\"http:\/\/ssv-ev.de\/lgsachsen\/zuechter\/\">Z\u00fcchter<\/a><\/li><li style=\"text-align: left\"><a href=\"http:\/\/ssv-ev.de\/lgsachsen\/links\/\">Links<\/a><\/li><li style=\"text-align: left\"><a href=\"http:\/\/ssv-ev.de\/lgsachsen\/kontakt\/\">Kontakt<\/a><\/li><li style=\"text-align: left\"><a href=\"http:\/\/ssv-ev.de\/lgsachsen\/datenschutz\/\">Datenschutz<\/a><\/li><\/ul>\t\t\t\t\t\t\t\t<\/div>\n\t\t\t\t<\/div>\n\t\t\t\t\t<\/div>\n\t\t<\/div>\n\t\t\t\t\t<\/div>\n\t\t<\/section>\n\t\t\t\t<section class=\"elementor-section elementor-inner-section elementor-element elementor-element-30a345b elementor-section-boxed elementor-section-height-default elementor-section-height-default\" data-id=\"30a345b\" data-element_type=\"section\" data-e-type=\"section\">\n\t\t\t\t\t\t<div class=\"elementor-container elementor-column-gap-default\">\n\t\t\t\t\t<div class=\"elementor-column elementor-col-100 elementor-inner-column elementor-element elementor-element-5af30a1\" data-id=\"5af30a1\" data-element_type=\"column\" data-e-type=\"column\">\n\t\t\t<div class=\"elementor-widget-wrap\">\n\t\t\t\t\t\t\t<\/div>\n\t\t<\/div>\n\t\t\t\t\t<\/div>\n\t\t<\/section>\n\t\t\t\t\t<\/div>\n\t\t<\/div>\n\t\t\t\t\t<\/div>\n\t\t<\/section>\n\t\t\t\t<section class=\"elementor-section elementor-top-section elementor-element elementor-element-240a1893 elementor-section-boxed elementor-section-height-default elementor-section-height-default\" data-id=\"240a1893\" data-element_type=\"section\" data-e-type=\"section\">\n\t\t\t\t\t\t<div class=\"elementor-container elementor-column-gap-default\">\n\t\t\t\t\t<div class=\"elementor-column elementor-col-100 elementor-top-column elementor-element elementor-element-af42718\" data-id=\"af42718\" data-element_type=\"column\" data-e-type=\"column\">\n\t\t\t<div class=\"elementor-widget-wrap\">\n\t\t\t\t\t\t\t<\/div>\n\t\t<\/div>\n\t\t\t\t\t<\/div>\n\t\t<\/section>\n\t\t\t\t<\/div>\n\t\t","protected":false},"excerpt":{"rendered":"<p>Landesgruppe Sachsen Deckr\u00fcden Appenzeller Sennenhund Berner Sennenhund Entlebucher Sennenhund \u00a0 Cato von den Kirschkauer Entlies\u00a0 SSV-ES 64806\u00a0 Angek\u00f6rt 05.11.2022\u00a0 bisher zwei Deckakte Int\/Nat mit 3 und 7 WelpenBesitzer: Maik HahnInfos bzw. Anfragen: \u00a0m.hahn1@imail.de\u00a0oder\u00a0janine_tuchscherer@web.de\u00a0 Gro\u00dfer Schweizer Sennenhund Willkommen Der Vorstand Aktuelles Termine Deckr\u00fcden Z\u00fcchter Links Kontakt Datenschutz<\/p>\n","protected":false},"author":1,"featured_media":0,"parent":0,"menu_order":0,"comment_status":"closed","ping_status":"closed","template":"","meta":{"_uf_show_specific_survey":0,"_uf_disable_surveys":false,"site-sidebar-layout":"no-sidebar","site-content-layout":"page-builder","ast-site-content-layout":"default","site-content-style":"default","site-sidebar-style":"default","ast-global-header-display":"","ast-banner-title-visibility":"","ast-main-header-display":"","ast-hfb-above-header-display":"","ast-hfb-below-header-display":"","ast-hfb-mobile-header-display":"","site-post-title":"disabled","ast-breadcrumbs-content":"","ast-featured-img":"disabled","footer-sml-layout":"","ast-disable-related-posts":"","theme-transparent-header-meta":"default","adv-header-id-meta":"","stick-header-meta":"","header-above-stick-meta":"","header-main-stick-meta":"","header-below-stick-meta":"","astra-migrate-meta-layouts":"default","ast-page-background-enabled":"default","ast-page-background-meta":{"desktop":{"background-color":"","background-image":"","background-repeat":"repeat","background-position":"center center","background-size":"auto","background-attachment":"scroll","background-type":"","background-media":"","overlay-type":"","overlay-color":"","overlay-opacity":"","overlay-gradient":""},"tablet":{"background-color":"","background-image":"","background-repeat":"repeat","background-position":"center center","background-size":"auto","background-attachment":"scroll","background-type":"","background-media":"","overlay-type":"","overlay-color":"","overlay-opacity":"","overlay-gradient":""},"mobile":{"background-color":"","background-image":"","background-repeat":"repeat","background-position":"center center","background-size":"auto","background-attachment":"scroll","background-type":"","background-media":"","overlay-type":"","overlay-color":"","overlay-opacity":"","overlay-gradient":""}},"ast-content-background-meta":{"desktop":{"background-color":"var(--ast-global-color-5)","background-image":"","background-repeat":"repeat","background-position":"center center","background-size":"auto","background-attachment":"scroll","background-type":"","background-media":"","overlay-type":"","overlay-color":"","overlay-opacity":"","overlay-gradient":""},"tablet":{"background-color":"var(--ast-global-color-5)","background-image":"","background-repeat":"repeat","background-position":"center center","background-size":"auto","background-attachment":"scroll","background-type":"","background-media":"","overlay-type":"","overlay-color":"","overlay-opacity":"","overlay-gradient":""},"mobile":{"background-color":"var(--ast-global-color-5)","background-image":"","background-repeat":"repeat","background-position":"center center","background-size":"auto","background-attachment":"scroll","background-type":"","background-media":"","overlay-type":"","overlay-color":"","overlay-opacity":"","overlay-gradient":""}},"footnotes":""},"class_list":["post-72","page","type-page","status-publish","hentry"],"_links":{"self":[{"href":"https:\/\/ssv-ev.de\/lgsachsen\/wp-json\/wp\/v2\/pages\/72","targetHints":{"allow":["GET"]}}],"collection":[{"href":"https:\/\/ssv-ev.de\/lgsachsen\/wp-json\/wp\/v2\/pages"}],"about":[{"href":"https:\/\/ssv-ev.de\/lgsachsen\/wp-json\/wp\/v2\/types\/page"}],"author":[{"embeddable":true,"href":"https:\/\/ssv-ev.de\/lgsachsen\/wp-json\/wp\/v2\/users\/1"}],"replies":[{"embeddable":true,"href":"https:\/\/ssv-ev.de\/lgsachsen\/wp-json\/wp\/v2\/comments?post=72"}],"version-history":[{"count":10,"href":"https:\/\/ssv-ev.de\/lgsachsen\/wp-json\/wp\/v2\/pages\/72\/revisions"}],"predecessor-version":[{"id":1618,"href":"https:\/\/ssv-ev.de\/lgsachsen\/wp-json\/wp\/v2\/pages\/72\/revisions\/1618"}],"wp:attachment":[{"href":"https:\/\/ssv-ev.de\/lgsachsen\/wp-json\/wp\/v2\/media?parent=72"}],"curies":[{"name":"wp","href":"https:\/\/api.w.org\/{rel}","templated":true}]}}