{"id":34,"date":"2020-11-16T15:51:22","date_gmt":"2020-11-16T14:51:22","guid":{"rendered":"http:\/\/ssv-ev.de\/lgnord\/?page_id=34"},"modified":"2025-02-05T15:45:10","modified_gmt":"2025-02-05T14:45:10","slug":"willkommen","status":"publish","type":"page","link":"https:\/\/ssv-ev.de\/lgnord\/","title":{"rendered":"Willkommen&#8230;"},"content":{"rendered":"\t\t<div data-elementor-type=\"wp-page\" data-elementor-id=\"34\" class=\"elementor elementor-34\" data-elementor-post-type=\"page\">\n\t\t\t\t\t\t<section class=\"elementor-section elementor-top-section elementor-element elementor-element-679b95a elementor-section-boxed elementor-section-height-default elementor-section-height-default\" data-id=\"679b95a\" data-element_type=\"section\" data-e-type=\"section\" data-settings=\"{&quot;background_background&quot;:&quot;classic&quot;}\">\n\t\t\t\t\t\t<div class=\"elementor-container elementor-column-gap-default\">\n\t\t\t\t\t<div class=\"elementor-column elementor-col-100 elementor-top-column elementor-element elementor-element-46904ee\" data-id=\"46904ee\" data-element_type=\"column\" data-e-type=\"column\">\n\t\t\t<div class=\"elementor-widget-wrap elementor-element-populated\">\n\t\t\t\t\t\t<div class=\"elementor-element elementor-element-7917454 elementor-widget elementor-widget-heading\" data-id=\"7917454\" data-element_type=\"widget\" data-e-type=\"widget\" data-widget_type=\"heading.default\">\n\t\t\t\t<div class=\"elementor-widget-container\">\n\t\t\t\t\t<h1 class=\"elementor-heading-title elementor-size-default\">Landesgruppe Nord<\/h1>\t\t\t\t<\/div>\n\t\t\t\t<\/div>\n\t\t\t\t<div class=\"elementor-element elementor-element-ee6f827 elementor-widget-divider--view-line elementor-widget elementor-widget-divider\" data-id=\"ee6f827\" data-element_type=\"widget\" data-e-type=\"widget\" data-widget_type=\"divider.default\">\n\t\t\t\t<div class=\"elementor-widget-container\">\n\t\t\t\t\t\t\t<div class=\"elementor-divider\">\n\t\t\t<span class=\"elementor-divider-separator\">\n\t\t\t\t\t\t<\/span>\n\t\t<\/div>\n\t\t\t\t\t\t<\/div>\n\t\t\t\t<\/div>\n\t\t\t\t<section class=\"elementor-section elementor-inner-section elementor-element elementor-element-4aa368d elementor-section-boxed elementor-section-height-default elementor-section-height-default\" data-id=\"4aa368d\" data-element_type=\"section\" data-e-type=\"section\">\n\t\t\t\t\t\t<div class=\"elementor-container elementor-column-gap-default\">\n\t\t\t\t\t<div class=\"elementor-column elementor-col-50 elementor-inner-column elementor-element elementor-element-9236953\" data-id=\"9236953\" data-element_type=\"column\" data-e-type=\"column\">\n\t\t\t<div class=\"elementor-widget-wrap elementor-element-populated\">\n\t\t\t\t\t\t<div class=\"elementor-element elementor-element-2697c24 elementor-widget elementor-widget-heading\" data-id=\"2697c24\" data-element_type=\"widget\" data-e-type=\"widget\" data-widget_type=\"heading.default\">\n\t\t\t\t<div class=\"elementor-widget-container\">\n\t\t\t\t\t<h2 class=\"elementor-heading-title elementor-size-default\">Willkommen\n<\/h2>\t\t\t\t<\/div>\n\t\t\t\t<\/div>\n\t\t\t\t<div class=\"elementor-element elementor-element-d23f85a elementor-widget-divider--separator-type-pattern elementor-widget-divider--no-spacing elementor-widget-divider--view-line elementor-widget elementor-widget-divider\" data-id=\"d23f85a\" data-element_type=\"widget\" data-e-type=\"widget\" data-widget_type=\"divider.default\">\n\t\t\t\t<div class=\"elementor-widget-container\">\n\t\t\t\t\t\t\t<div class=\"elementor-divider\" style=\"--divider-pattern-url: url(&quot;data:image\/svg+xml,%3Csvg xmlns=&#039;http:\/\/www.w3.org\/2000\/svg&#039; preserveAspectRatio=&#039;xMidYMid meet&#039; overflow=&#039;visible&#039; height=&#039;100%&#039; viewBox=&#039;0 0 126 26&#039; fill=&#039;black&#039; stroke=&#039;none&#039;%3E%3Cpath d=&#039;M3,10.2c2.6,0,2.6,2,2.6,3.2S4.4,16.5,3,16.5s-3-1.4-3-3.2S0.4,10.2,3,10.2z M18.8,10.2c1.7,0,3.2,1.4,3.2,3.2s-1.4,3.2-3.2,3.2c-1.7,0-3.2-1.4-3.2-3.2S17,10.2,18.8,10.2z M34.6,10.2c1.5,0,2.6,1.4,2.6,3.2s-0.5,3.2-1.9,3.2c-1.5,0-3.4-1.4-3.4-3.2S33.1,10.2,34.6,10.2z M50.5,10.2c1.7,0,3.2,1.4,3.2,3.2s-1.4,3.2-3.2,3.2c-1.7,0-3.3-0.9-3.3-2.6S48.7,10.2,50.5,10.2z M66.2,10.2c1.5,0,3.4,1.4,3.4,3.2s-1.9,3.2-3.4,3.2c-1.5,0-2.6-0.4-2.6-2.1S64.8,10.2,66.2,10.2z M82.2,10.2c1.7,0.8,2.6,1.4,2.6,3.2s-0.1,3.2-1.6,3.2c-1.5,0-3.7-1.4-3.7-3.2S80.5,9.4,82.2,10.2zM98.6,10.2c1.5,0,2.6,0.4,2.6,2.1s-1.2,4.2-2.6,4.2c-1.5,0-3.7-0.4-3.7-2.1S97.1,10.2,98.6,10.2z M113.4,10.2c1.2,0,2.2,0.9,2.2,3.2s-0.1,3.2-1.3,3.2s-3.1-1.4-3.1-3.2S112.2,10.2,113.4,10.2z&#039;\/%3E%3C\/svg%3E&quot;);\">\n\t\t\t<span class=\"elementor-divider-separator\">\n\t\t\t\t\t\t<\/span>\n\t\t<\/div>\n\t\t\t\t\t\t<\/div>\n\t\t\t\t<\/div>\n\t\t\t\t<div class=\"elementor-element elementor-element-1399518 elementor-widget elementor-widget-text-editor\" data-id=\"1399518\" data-element_type=\"widget\" data-e-type=\"widget\" data-widget_type=\"text-editor.default\">\n\t\t\t\t<div class=\"elementor-widget-container\">\n\t\t\t\t\t\t\t\t\t<p style=\"text-align: center;\">Im Folgenden stellt sich die Landesgruppe dem interessierten Leser in der f\u00fcr die Nordlichter zur\u00fcckhaltenden Art kurz vor:<\/p><p align=\"justify\">Die LG Nord erstreckt sich in den r\u00e4umlichen Abmessungen von der Grenze zu unseren d\u00e4nischen Nachbarn, dem Land zwischen den Meeren \u00fcber Hamburg, von der Elbe westlich durch die Nordheide \u00fcber die Weser mit Bremen hinaus bis nach Ostfriesland an die holl\u00e4ndische Grenze. Rein sachlich ausgedr\u00fcckt betreuen wir die Postleitzahlbereiche 20xxx bis 28xxx. Entscheiden Sie bitte selbst welche Beschreibung Ihnen besser gef\u00e4llt.<br \/>Bei Veranstaltungen sind Fahrzeiten von 2 \u2013 3 Stunden keine Seltenheit, da die Elbe als nat\u00fcrliches Hindernis immer von einem Teil der Mitglieder \u00fcberwunden werden muss. Trotz dieser widrigen Umst\u00e4nde werden Veranstaltungen gerne und meistens auch gut besucht, unabh\u00e4ngig vom Veranstaltungsort.<\/p><p>Im Jahre 1953 wurde die LG Nord als siebente Landesgruppe im SSV als regionale Untergliederung gegr\u00fcndet. Im Zuge der Umstrukturierung des SSV gr\u00fcndeten Sennenhund-Freunde die Landesgruppe am 28.08 2005 als selbst\u00e4ndigen Verein neu, im gleichen Jahr erhielt der Verein die vorl\u00e4ufige Anerkennung als gemeinn\u00fctziger Verein. Im Jahr 2006 erfolgte die Eintragung in das Vereinsregister des AG L\u00fcbeck.<\/p><div>\u00a0<\/div>\t\t\t\t\t\t\t\t<\/div>\n\t\t\t\t<\/div>\n\t\t\t\t<div class=\"elementor-element elementor-element-6055347 elementor-widget elementor-widget-image\" data-id=\"6055347\" data-element_type=\"widget\" data-e-type=\"widget\" data-widget_type=\"image.default\">\n\t\t\t\t<div class=\"elementor-widget-container\">\n\t\t\t\t\t\t\t\t\t\t\t\t<figure class=\"wp-caption\">\n\t\t\t\t\t\t\t\t\t\t<img decoding=\"async\" src=\"https:\/\/ssv-ev.de\/lgnord\/wp-content\/uploads\/sites\/13\/elementor\/thumbs\/IMG_0890-q1rnahlzxbqdrlzw3t7lrc4pkpgsfstmyz5j711m0w.jpg\" title=\"IMG_0890\" alt=\"IMG_0890\" loading=\"lazy\" \/>\t\t\t\t\t\t\t\t\t\t\t<figcaption class=\"widget-image-caption wp-caption-text\">F\u00fcnferbande<\/figcaption>\n\t\t\t\t\t\t\t\t\t\t<\/figure>\n\t\t\t\t\t\t\t\t\t<\/div>\n\t\t\t\t<\/div>\n\t\t\t\t<div class=\"elementor-element elementor-element-a450511 elementor-widget elementor-widget-text-editor\" data-id=\"a450511\" data-element_type=\"widget\" data-e-type=\"widget\" data-widget_type=\"text-editor.default\">\n\t\t\t\t<div class=\"elementor-widget-container\">\n\t\t\t\t\t\t\t\t\t<p>Obwohl die Wurzeln unserer Hunde in den Bergen liegen, machen sie sich im Norden auch ganz gut, einige werden sogar zu ausgesprochenen \u201eWassertieren\u201c, die Fl\u00fcsse, Seen und das Meer lieben und meist bei unpassender Gelegenheit ein Bad nehmen. Die Hunde unserer Rassen hinterlassen bei vielen unserer Mitmenschen durch ihr ausgeglichenes Wesen einen positiven Eindruck. Diese Erfahrung haben wir auf vielen Veranstaltungen und bei Spazierg\u00e4ngen in der Stadt und auf dem flachen Land machen k\u00f6nnen. \u00dcber die Landesgruppe verteilt finden Spazierg\u00e4nge f\u00fcr alle Hunde mit ihren Menschen in den unterschiedlichen Regionen statt.<\/p><p>Die Interessenlage unserer Mitglieder ist durchaus unterschiedlich, einige betreiben Hundesport, andere z\u00fcchten Sennenhunde und wieder andere haben in einer der Sennenhund-Rassen ihren vierbeinigen Partner gefunden und sehen ihn ausschlie\u00dflich als Familienhund. So wird es zuk\u00fcnftig immer wichtiger werden, dass f\u00fcr jede Interessengruppe das richtige Programm angeboten wird, damit sich die Mitglieder mit ihrer Landesgruppe identifizieren k\u00f6nnen und der Zustrom von neuen Mitgliedern aufrechterhalten wird. Dieses kann durch bew\u00e4hrte Veranstaltungen wie Spazierg\u00e4nge, Seminare, K\u00f6rungen oder auch Ausstellungen mit Info-St\u00e4nden sichergestellt werden. Aber auch neuen und bisher nicht umgesetzten Ideen d\u00fcrfen wir uns nicht verschlie\u00dfen. Eine dieser Ideen versuchen wir hier in Form einer neuen Internetpr\u00e4senz umzusetzen.<\/p><p>Der derzeitige Vorstand hat zum Ziel erkl\u00e4rt, dass jeden Monat mindestens eine Veranstaltung in der Landesgruppe stattfinden soll. Dieses alles kann aber nur Erfolg haben, wenn auch weiterhin Mitglieder bereit sind, ehrenamtliche Arbeiten zu \u00fcbernehmen oder diese tatkr\u00e4ftig zu unterst\u00fctzen.<\/p><h3 style=\"text-align: center;\"><strong>Darauf m\u00fcssen sich alle verlassen k\u00f6nnen.<\/strong><\/h3>\t\t\t\t\t\t\t\t<\/div>\n\t\t\t\t<\/div>\n\t\t\t\t<div class=\"elementor-element elementor-element-a41d369 elementor-align-center elementor-widget elementor-widget-button\" data-id=\"a41d369\" data-element_type=\"widget\" data-e-type=\"widget\" data-widget_type=\"button.default\">\n\t\t\t\t<div class=\"elementor-widget-container\">\n\t\t\t\t\t\t\t\t\t<div class=\"elementor-button-wrapper\">\n\t\t\t\t\t<a class=\"elementor-button elementor-button-link elementor-size-sm\" href=\"https:\/\/ssv-ev.de\/kontakt-mitglied-werden\/\" target=\"_blank\" rel=\"nofollow\">\n\t\t\t\t\t\t<span class=\"elementor-button-content-wrapper\">\n\t\t\t\t\t\t\t\t\t<span class=\"elementor-button-text\">Mitglied werden...<\/span>\n\t\t\t\t\t<\/span>\n\t\t\t\t\t<\/a>\n\t\t\t\t<\/div>\n\t\t\t\t\t\t\t\t<\/div>\n\t\t\t\t<\/div>\n\t\t\t\t\t<\/div>\n\t\t<\/div>\n\t\t\t\t<div class=\"elementor-column elementor-col-50 elementor-inner-column elementor-element elementor-element-e867746\" data-id=\"e867746\" data-element_type=\"column\" data-e-type=\"column\">\n\t\t\t<div class=\"elementor-widget-wrap elementor-element-populated\">\n\t\t\t\t\t\t<div class=\"elementor-element elementor-element-05a9b6a animated-slow elementor-widget-divider--separator-type-pattern elementor-widget-divider--bg-round elementor-widget-divider--view-line elementor-invisible elementor-widget elementor-widget-divider\" data-id=\"05a9b6a\" data-element_type=\"widget\" data-e-type=\"widget\" data-settings=\"{&quot;_animation&quot;:&quot;fadeInLeft&quot;}\" data-widget_type=\"divider.default\">\n\t\t\t\t<div class=\"elementor-widget-container\">\n\t\t\t\t\t\t\t<div class=\"elementor-divider\" style=\"--divider-pattern-url: url(&quot;data:image\/svg+xml,%3Csvg xmlns=&#039;http:\/\/www.w3.org\/2000\/svg&#039; preserveAspectRatio=&#039;xMidYMid meet&#039; overflow=&#039;visible&#039; height=&#039;100%&#039; viewBox=&#039;0 0 24 24&#039; fill=&#039;black&#039; stroke=&#039;none&#039;%3E%3Cpath d=&#039;M14.2,4c0.3,0,0.5,0.1,0.7,0.3l7.9,7.2c0.2,0.2,0.3,0.4,0.3,0.7s-0.1,0.5-0.3,0.7l-7.9,7.2c-0.2,0.2-0.4,0.3-0.7,0.3s-0.5-0.1-0.7-0.3s-0.3-0.4-0.3-0.7l0-2.9l-11.5,0c-0.4,0-0.7-0.3-0.7-0.7V9.4C1,9,1.3,8.7,1.7,8.7l11.5,0l0-3.6c0-0.3,0.1-0.5,0.3-0.7S13.9,4,14.2,4z&#039;\/%3E%3C\/svg%3E&quot;);\">\n\t\t\t<span class=\"elementor-divider-separator\">\n\t\t\t\t\t\t<\/span>\n\t\t<\/div>\n\t\t\t\t\t\t<\/div>\n\t\t\t\t<\/div>\n\t\t\t\t<div class=\"elementor-element elementor-element-1fa20d9 elementor-widget elementor-widget-text-editor\" data-id=\"1fa20d9\" data-element_type=\"widget\" data-e-type=\"widget\" data-widget_type=\"text-editor.default\">\n\t\t\t\t<div class=\"elementor-widget-container\">\n\t\t\t\t\t\t\t\t\t<ul><li><a href=\"http:\/\/ssv-ev.de\/lgnord\/der-vorstand\/\">Der Vorstand<\/a><\/li><li><a href=\"http:\/\/ssv-ev.de\/lgnord\/aktuelles\/\">Aktuelles<\/a><\/li><li><a href=\"http:\/\/ssv-ev.de\/lgnord\/termine\/\">Termine<\/a><\/li><li><a href=\"http:\/\/ssv-ev.de\/lgnord\/zuechter\/\">Z\u00fcchter<\/a><\/li><li><a href=\"http:\/\/ssv-ev.de\/lgnord\/links\/\">Links<\/a><\/li><li><a href=\"http:\/\/ssv-ev.de\/lgnord\/kontakt\/\">Kontakt<\/a><\/li><\/ul>\t\t\t\t\t\t\t\t<\/div>\n\t\t\t\t<\/div>\n\t\t\t\t<div class=\"elementor-element elementor-element-d5d3f53 elementor-widget-divider--view-line elementor-widget elementor-widget-divider\" data-id=\"d5d3f53\" data-element_type=\"widget\" data-e-type=\"widget\" data-widget_type=\"divider.default\">\n\t\t\t\t<div class=\"elementor-widget-container\">\n\t\t\t\t\t\t\t<div class=\"elementor-divider\">\n\t\t\t<span class=\"elementor-divider-separator\">\n\t\t\t\t\t\t<\/span>\n\t\t<\/div>\n\t\t\t\t\t\t<\/div>\n\t\t\t\t<\/div>\n\t\t\t\t<div class=\"elementor-element elementor-element-d746011 elementor-widget elementor-widget-text-editor\" data-id=\"d746011\" data-element_type=\"widget\" data-e-type=\"widget\" data-widget_type=\"text-editor.default\">\n\t\t\t\t<div class=\"elementor-widget-container\">\n\t\t\t\t\t\t\t\t\t<p style=\"text-align: center\"><strong>Bankverbindung<\/strong><\/p><h6 style=\"text-align: center\">Volksbank Cuxhaven<br \/><strong>IBAN:<\/strong> <br \/>DE55 2419 1015 3688 5835 00<br \/><strong>BIC:\u00a0<\/strong><br \/>GENODEF1SDE<\/h6>\t\t\t\t\t\t\t\t<\/div>\n\t\t\t\t<\/div>\n\t\t\t\t<div class=\"elementor-element elementor-element-a4ef198 elementor-widget-divider--view-line elementor-widget elementor-widget-divider\" data-id=\"a4ef198\" data-element_type=\"widget\" data-e-type=\"widget\" data-widget_type=\"divider.default\">\n\t\t\t\t<div class=\"elementor-widget-container\">\n\t\t\t\t\t\t\t<div class=\"elementor-divider\">\n\t\t\t<span class=\"elementor-divider-separator\">\n\t\t\t\t\t\t<\/span>\n\t\t<\/div>\n\t\t\t\t\t\t<\/div>\n\t\t\t\t<\/div>\n\t\t\t\t<div class=\"elementor-element elementor-element-db1f90c elementor-widget elementor-widget-image\" data-id=\"db1f90c\" data-element_type=\"widget\" data-e-type=\"widget\" data-widget_type=\"image.default\">\n\t\t\t\t<div class=\"elementor-widget-container\">\n\t\t\t\t\t\t\t\t\t\t\t\t\t\t\t<img fetchpriority=\"high\" decoding=\"async\" width=\"640\" height=\"480\" src=\"https:\/\/ssv-ev.de\/lgnord\/wp-content\/uploads\/sites\/13\/2020\/12\/IMG_4492-Hurtig-26.01..jpg\" class=\"attachment-large size-large wp-image-478\" alt=\"\" srcset=\"https:\/\/ssv-ev.de\/lgnord\/wp-content\/uploads\/sites\/13\/2020\/12\/IMG_4492-Hurtig-26.01..jpg 640w, https:\/\/ssv-ev.de\/lgnord\/wp-content\/uploads\/sites\/13\/2020\/12\/IMG_4492-Hurtig-26.01.-300x225.jpg 300w\" sizes=\"(max-width: 640px) 100vw, 640px\" \/>\t\t\t\t\t\t\t\t\t\t\t\t\t\t\t<\/div>\n\t\t\t\t<\/div>\n\t\t\t\t<div class=\"elementor-element elementor-element-aaa3a6a elementor-widget elementor-widget-image\" data-id=\"aaa3a6a\" data-element_type=\"widget\" data-e-type=\"widget\" data-widget_type=\"image.default\">\n\t\t\t\t<div class=\"elementor-widget-container\">\n\t\t\t\t\t\t\t\t\t\t\t\t\t\t\t<img decoding=\"async\" width=\"1024\" height=\"683\" src=\"https:\/\/ssv-ev.de\/lgnord\/wp-content\/uploads\/sites\/13\/2020\/12\/Hurtig-1024x683.jpg\" class=\"attachment-large size-large wp-image-482\" alt=\"\" srcset=\"https:\/\/ssv-ev.de\/lgnord\/wp-content\/uploads\/sites\/13\/2020\/12\/Hurtig-1024x683.jpg 1024w, https:\/\/ssv-ev.de\/lgnord\/wp-content\/uploads\/sites\/13\/2020\/12\/Hurtig-300x200.jpg 300w, https:\/\/ssv-ev.de\/lgnord\/wp-content\/uploads\/sites\/13\/2020\/12\/Hurtig-768x512.jpg 768w, https:\/\/ssv-ev.de\/lgnord\/wp-content\/uploads\/sites\/13\/2020\/12\/Hurtig-1536x1024.jpg 1536w, https:\/\/ssv-ev.de\/lgnord\/wp-content\/uploads\/sites\/13\/2020\/12\/Hurtig.jpg 1608w\" sizes=\"(max-width: 1024px) 100vw, 1024px\" \/>\t\t\t\t\t\t\t\t\t\t\t\t\t\t\t<\/div>\n\t\t\t\t<\/div>\n\t\t\t\t\t<\/div>\n\t\t<\/div>\n\t\t\t\t\t<\/div>\n\t\t<\/section>\n\t\t\t\t\t<\/div>\n\t\t<\/div>\n\t\t\t\t\t<\/div>\n\t\t<\/section>\n\t\t\t\t<\/div>\n\t\t","protected":false},"excerpt":{"rendered":"<p>Landesgruppe Nord Willkommen Im Folgenden stellt sich die Landesgruppe dem interessierten Leser in der f\u00fcr die Nordlichter zur\u00fcckhaltenden Art kurz vor: Die LG Nord erstreckt sich in den r\u00e4umlichen Abmessungen von der Grenze zu unseren d\u00e4nischen Nachbarn, dem Land zwischen den Meeren \u00fcber Hamburg, von der Elbe westlich durch die Nordheide \u00fcber die Weser mit [&hellip;]<\/p>\n","protected":false},"author":1,"featured_media":0,"parent":0,"menu_order":0,"comment_status":"closed","ping_status":"closed","template":"","meta":{"_uf_show_specific_survey":0,"_uf_disable_surveys":false,"site-sidebar-layout":"no-sidebar","site-content-layout":"page-builder","ast-site-content-layout":"full-width-container","site-content-style":"unboxed","site-sidebar-style":"unboxed","ast-global-header-display":"","ast-banner-title-visibility":"","ast-main-header-display":"","ast-hfb-above-header-display":"","ast-hfb-below-header-display":"","ast-hfb-mobile-header-display":"","site-post-title":"disabled","ast-breadcrumbs-content":"","ast-featured-img":"disabled","footer-sml-layout":"","ast-disable-related-posts":"","theme-transparent-header-meta":"default","adv-header-id-meta":"","stick-header-meta":"","header-above-stick-meta":"","header-main-stick-meta":"","header-below-stick-meta":"","astra-migrate-meta-layouts":"set","ast-page-background-enabled":"default","ast-page-background-meta":{"desktop":{"background-color":"","background-image":"","background-repeat":"repeat","background-position":"center center","background-size":"auto","background-attachment":"scroll","background-type":"","background-media":"","overlay-type":"","overlay-color":"","overlay-opacity":"","overlay-gradient":""},"tablet":{"background-color":"","background-image":"","background-repeat":"repeat","background-position":"center center","background-size":"auto","background-attachment":"scroll","background-type":"","background-media":"","overlay-type":"","overlay-color":"","overlay-opacity":"","overlay-gradient":""},"mobile":{"background-color":"","background-image":"","background-repeat":"repeat","background-position":"center center","background-size":"auto","background-attachment":"scroll","background-type":"","background-media":"","overlay-type":"","overlay-color":"","overlay-opacity":"","overlay-gradient":""}},"ast-content-background-meta":{"desktop":{"background-color":"var(--ast-global-color-5)","background-image":"","background-repeat":"repeat","background-position":"center center","background-size":"auto","background-attachment":"scroll","background-type":"","background-media":"","overlay-type":"","overlay-color":"","overlay-opacity":"","overlay-gradient":""},"tablet":{"background-color":"var(--ast-global-color-5)","background-image":"","background-repeat":"repeat","background-position":"center center","background-size":"auto","background-attachment":"scroll","background-type":"","background-media":"","overlay-type":"","overlay-color":"","overlay-opacity":"","overlay-gradient":""},"mobile":{"background-color":"var(--ast-global-color-5)","background-image":"","background-repeat":"repeat","background-position":"center center","background-size":"auto","background-attachment":"scroll","background-type":"","background-media":"","overlay-type":"","overlay-color":"","overlay-opacity":"","overlay-gradient":""}},"footnotes":""},"class_list":["post-34","page","type-page","status-publish","hentry"],"_links":{"self":[{"href":"https:\/\/ssv-ev.de\/lgnord\/wp-json\/wp\/v2\/pages\/34","targetHints":{"allow":["GET"]}}],"collection":[{"href":"https:\/\/ssv-ev.de\/lgnord\/wp-json\/wp\/v2\/pages"}],"about":[{"href":"https:\/\/ssv-ev.de\/lgnord\/wp-json\/wp\/v2\/types\/page"}],"author":[{"embeddable":true,"href":"https:\/\/ssv-ev.de\/lgnord\/wp-json\/wp\/v2\/users\/1"}],"replies":[{"embeddable":true,"href":"https:\/\/ssv-ev.de\/lgnord\/wp-json\/wp\/v2\/comments?post=34"}],"version-history":[{"count":10,"href":"https:\/\/ssv-ev.de\/lgnord\/wp-json\/wp\/v2\/pages\/34\/revisions"}],"predecessor-version":[{"id":1897,"href":"https:\/\/ssv-ev.de\/lgnord\/wp-json\/wp\/v2\/pages\/34\/revisions\/1897"}],"wp:attachment":[{"href":"https:\/\/ssv-ev.de\/lgnord\/wp-json\/wp\/v2\/media?parent=34"}],"curies":[{"name":"wp","href":"https:\/\/api.w.org\/{rel}","templated":true}]}}