{"id":109,"date":"2020-11-16T16:18:42","date_gmt":"2020-11-16T15:18:42","guid":{"rendered":"http:\/\/ssv-ev.de\/lgnord\/?page_id=109"},"modified":"2021-06-01T18:09:35","modified_gmt":"2021-06-01T16:09:35","slug":"zuechter","status":"publish","type":"page","link":"https:\/\/ssv-ev.de\/lgnord\/zuechter\/","title":{"rendered":"Z\u00fcchter"},"content":{"rendered":"\t\t<div data-elementor-type=\"wp-page\" data-elementor-id=\"109\" class=\"elementor elementor-109\" data-elementor-post-type=\"page\">\n\t\t\t\t\t\t<section class=\"elementor-section elementor-top-section elementor-element elementor-element-fca5932 elementor-section-boxed elementor-section-height-default elementor-section-height-default\" data-id=\"fca5932\" data-element_type=\"section\" data-e-type=\"section\" data-settings=\"{&quot;background_background&quot;:&quot;classic&quot;}\">\n\t\t\t\t\t\t<div class=\"elementor-container elementor-column-gap-default\">\n\t\t\t\t\t<div class=\"elementor-column elementor-col-100 elementor-top-column elementor-element elementor-element-4ca7c97a\" data-id=\"4ca7c97a\" data-element_type=\"column\" data-e-type=\"column\">\n\t\t\t<div class=\"elementor-widget-wrap elementor-element-populated\">\n\t\t\t\t\t\t<div class=\"elementor-element elementor-element-53193c35 elementor-widget elementor-widget-heading\" data-id=\"53193c35\" data-element_type=\"widget\" data-e-type=\"widget\" data-widget_type=\"heading.default\">\n\t\t\t\t<div class=\"elementor-widget-container\">\n\t\t\t\t\t<h1 class=\"elementor-heading-title elementor-size-default\">Landesgruppe Nord<\/h1>\t\t\t\t<\/div>\n\t\t\t\t<\/div>\n\t\t\t\t<div class=\"elementor-element elementor-element-250937cd elementor-widget-divider--view-line elementor-widget elementor-widget-divider\" data-id=\"250937cd\" data-element_type=\"widget\" data-e-type=\"widget\" data-widget_type=\"divider.default\">\n\t\t\t\t<div class=\"elementor-widget-container\">\n\t\t\t\t\t\t\t<div class=\"elementor-divider\">\n\t\t\t<span class=\"elementor-divider-separator\">\n\t\t\t\t\t\t<\/span>\n\t\t<\/div>\n\t\t\t\t\t\t<\/div>\n\t\t\t\t<\/div>\n\t\t\t\t<section class=\"elementor-section elementor-inner-section elementor-element elementor-element-4825c92b elementor-section-boxed elementor-section-height-default elementor-section-height-default\" data-id=\"4825c92b\" data-element_type=\"section\" data-e-type=\"section\">\n\t\t\t\t\t\t<div class=\"elementor-container elementor-column-gap-default\">\n\t\t\t\t\t<div class=\"elementor-column elementor-col-50 elementor-inner-column elementor-element elementor-element-571245d0\" data-id=\"571245d0\" data-element_type=\"column\" data-e-type=\"column\">\n\t\t\t<div class=\"elementor-widget-wrap elementor-element-populated\">\n\t\t\t\t\t\t<div class=\"elementor-element elementor-element-446c94a elementor-widget elementor-widget-heading\" data-id=\"446c94a\" data-element_type=\"widget\" data-e-type=\"widget\" data-widget_type=\"heading.default\">\n\t\t\t\t<div class=\"elementor-widget-container\">\n\t\t\t\t\t<h2 class=\"elementor-heading-title elementor-size-large\">Z\u00fcchter<\/h2>\t\t\t\t<\/div>\n\t\t\t\t<\/div>\n\t\t\t\t<div class=\"elementor-element elementor-element-543d6e6 elementor-widget-divider--separator-type-pattern elementor-widget-divider--no-spacing elementor-widget-divider--view-line elementor-widget elementor-widget-divider\" data-id=\"543d6e6\" data-element_type=\"widget\" data-e-type=\"widget\" data-widget_type=\"divider.default\">\n\t\t\t\t<div class=\"elementor-widget-container\">\n\t\t\t\t\t\t\t<div class=\"elementor-divider\" style=\"--divider-pattern-url: url(&quot;data:image\/svg+xml,%3Csvg xmlns=&#039;http:\/\/www.w3.org\/2000\/svg&#039; preserveAspectRatio=&#039;xMidYMid meet&#039; overflow=&#039;visible&#039; height=&#039;100%&#039; viewBox=&#039;0 0 126 26&#039; fill=&#039;black&#039; stroke=&#039;none&#039;%3E%3Cpath d=&#039;M3,10.2c2.6,0,2.6,2,2.6,3.2S4.4,16.5,3,16.5s-3-1.4-3-3.2S0.4,10.2,3,10.2z M18.8,10.2c1.7,0,3.2,1.4,3.2,3.2s-1.4,3.2-3.2,3.2c-1.7,0-3.2-1.4-3.2-3.2S17,10.2,18.8,10.2z M34.6,10.2c1.5,0,2.6,1.4,2.6,3.2s-0.5,3.2-1.9,3.2c-1.5,0-3.4-1.4-3.4-3.2S33.1,10.2,34.6,10.2z M50.5,10.2c1.7,0,3.2,1.4,3.2,3.2s-1.4,3.2-3.2,3.2c-1.7,0-3.3-0.9-3.3-2.6S48.7,10.2,50.5,10.2z M66.2,10.2c1.5,0,3.4,1.4,3.4,3.2s-1.9,3.2-3.4,3.2c-1.5,0-2.6-0.4-2.6-2.1S64.8,10.2,66.2,10.2z M82.2,10.2c1.7,0.8,2.6,1.4,2.6,3.2s-0.1,3.2-1.6,3.2c-1.5,0-3.7-1.4-3.7-3.2S80.5,9.4,82.2,10.2zM98.6,10.2c1.5,0,2.6,0.4,2.6,2.1s-1.2,4.2-2.6,4.2c-1.5,0-3.7-0.4-3.7-2.1S97.1,10.2,98.6,10.2z M113.4,10.2c1.2,0,2.2,0.9,2.2,3.2s-0.1,3.2-1.3,3.2s-3.1-1.4-3.1-3.2S112.2,10.2,113.4,10.2z&#039;\/%3E%3C\/svg%3E&quot;);\">\n\t\t\t<span class=\"elementor-divider-separator\">\n\t\t\t\t\t\t<\/span>\n\t\t<\/div>\n\t\t\t\t\t\t<\/div>\n\t\t\t\t<\/div>\n\t\t\t\t<div class=\"elementor-element elementor-element-fe1be28 elementor-widget elementor-widget-image\" data-id=\"fe1be28\" data-element_type=\"widget\" data-e-type=\"widget\" data-widget_type=\"image.default\">\n\t\t\t\t<div class=\"elementor-widget-container\">\n\t\t\t\t\t\t\t\t\t\t\t\t\t\t\t<img decoding=\"async\" src=\"https:\/\/ssv-ev.de\/lgnord\/wp-content\/uploads\/sites\/13\/elementor\/thumbs\/Kopie-q1rnahlwe57n7vdx2f7jf7efu472wiqsz5enic99ju.jpg\" title=\"Kopie\" alt=\"Kopie\" loading=\"lazy\" \/>\t\t\t\t\t\t\t\t\t\t\t\t\t\t\t<\/div>\n\t\t\t\t<\/div>\n\t\t\t\t<div class=\"elementor-element elementor-element-81eb022 elementor-widget elementor-widget-text-editor\" data-id=\"81eb022\" data-element_type=\"widget\" data-e-type=\"widget\" data-widget_type=\"text-editor.default\">\n\t\t\t\t<div class=\"elementor-widget-container\">\n\t\t\t\t\t\t\t\t\t<p>Sie m\u00f6chten als Z\u00fcchter unserer Landesgruppe auf unserer\u00a0 Seite verlinkt werden? Bitte senden Sie eine E-Mail an <a href=\"mailto:Anke.Lohmeyer@t-online.de\" target=\"_blank\" rel=\"noopener\">Anke Lohmeyer<\/a>.<\/p><p>Beachten Sie bitte die Kriterien zur Verlinkung.<\/p><p><strong>Zuchtst\u00e4tte\u00a0\u00a0 Name\u00a0\u00a0 PLZ\u00a0\u00a0 Ort\u00a0\u00a0 Homepage\u00a0\u00a0 E-Mail\/Tel.-Nr.<\/strong><\/p>\t\t\t\t\t\t\t\t<\/div>\n\t\t\t\t<\/div>\n\t\t\t\t<div class=\"elementor-element elementor-element-1db21a1 elementor-widget elementor-widget-image\" data-id=\"1db21a1\" data-element_type=\"widget\" data-e-type=\"widget\" data-widget_type=\"image.default\">\n\t\t\t\t<div class=\"elementor-widget-container\">\n\t\t\t\t\t\t\t\t\t\t\t\t\t\t\t<img decoding=\"async\" src=\"https:\/\/ssv-ev.de\/lgnord\/wp-content\/uploads\/sites\/13\/elementor\/thumbs\/032-q1rnagnzrlnhabstkcg6hfdaiih5tx4rymt8tm6kik.jpg\" title=\"032\" alt=\"032\" loading=\"lazy\" \/>\t\t\t\t\t\t\t\t\t\t\t\t\t\t\t<\/div>\n\t\t\t\t<\/div>\n\t\t\t\t<div class=\"elementor-element elementor-element-c8958b5 elementor-widget elementor-widget-heading\" data-id=\"c8958b5\" data-element_type=\"widget\" data-e-type=\"widget\" data-widget_type=\"heading.default\">\n\t\t\t\t<div class=\"elementor-widget-container\">\n\t\t\t\t\t<h2 class=\"elementor-heading-title elementor-size-default\">Appenzeller Sennenhunde<\/h2>\t\t\t\t<\/div>\n\t\t\t\t<\/div>\n\t\t\t\t<div class=\"elementor-element elementor-element-a2ac25a elementor-widget elementor-widget-text-editor\" data-id=\"a2ac25a\" data-element_type=\"widget\" data-e-type=\"widget\" data-widget_type=\"text-editor.default\">\n\t\t\t\t<div class=\"elementor-widget-container\">\n\t\t\t\t\t\t\t\t\t\n<table id=\"tablepress-5\" class=\"tablepress tablepress-id-5\">\n<thead>\n<tr class=\"row-1\">\n\t<th class=\"column-1\">Zuchtst\u00e4tte<\/th><th class=\"column-2\">Name<\/th><th class=\"column-3\">PLZ\/Ort<\/th><th class=\"column-4\">Homepage<\/th><th class=\"column-5\">E-Mail\/Tel-Nr.<\/th>\n<\/tr>\n<\/thead>\n<tbody class=\"row-striping row-hover\">\n<tr class=\"row-2\">\n\t<td class=\"column-1\">von den Steinbachwiesen<\/td><td class=\"column-2\">Jasmin Muck<\/td><td class=\"column-3\">21244 Buchholz in der Nordheide<\/td><td class=\"column-4\"><a href=\"https:\/\/www.appenzeller-von-den-steinbachwiesen.de\">Homepage<\/a><\/td><td class=\"column-5\"><a href=\"mailto:Appenzeller-Steinbachwiesen@t-online.de\">E-Mail an Z\u00fcchter<\/a><br \/>\nTel.: 0170 9062369<\/td>\n<\/tr>\n<tr class=\"row-3\">\n\t<td class=\"column-1\">vom Schwentinequell<\/td><td class=\"column-2\">Stefanie Ismar-Rebitz und<br \/>\nHenning Rebitz<\/td><td class=\"column-3\">24601 Ruhwinkel<\/td><td class=\"column-4\"><a href=\"http:\/\/www.appenzeller-vom-schwentinequell.de\" target=\"_blank\" rel=\"noopener\">Homepage<\/a><\/td><td class=\"column-5\"><a href=\"mailto:appenzeller-vom-schwentinequell@gmx.de\" target=\"_blank\" rel=\"noopener\">E-Mail an Z\u00fcchter<\/a><br \/>\nTel.: 04326 9999048<\/td>\n<\/tr>\n<tr class=\"row-4\">\n\t<td class=\"column-1\">aus der Etzler Rappelkiste<\/td><td class=\"column-2\">Katja Meppen<\/td><td class=\"column-3\">26446 Friedeburg<\/td><td class=\"column-4\"><a href=\"https:\/\/katjam9.wixsite.com\/etzler-rappelkiste\">Homepage<\/a><\/td><td class=\"column-5\"><a href=\"mailto:k.meppen@web.de\">E-Mail an Z\u00fcchter<\/a><br \/>\n0176 43645535<\/td>\n<\/tr>\n<tr class=\"row-5\">\n\t<td class=\"column-1\">vom Willbrok<\/td><td class=\"column-2\">Brigitte Haken<\/td><td class=\"column-3\">26655 Westerstede<\/td><td class=\"column-4\"><a href=\"http:\/\/www.appenzeller-cherryvonderniederzellerhoehe.com\">Homepage<\/a><\/td><td class=\"column-5\"><a href=\"mailto:brigitte.haken@icloud.com\" rel=\"noopener\" target=\"_blank\">E-Mail an Z\u00fcchter<\/a><br \/>\nTel.: 0160 6316235 <br \/>\n<\/td>\n<\/tr>\n<tr class=\"row-6\">\n\t<td class=\"column-1\">von Looses Reith<\/td><td class=\"column-2\">Dittmar u. B\u00e4rbel Loose<\/td><td class=\"column-3\">27419 Vierden<\/td><td class=\"column-4\"><a href=\"http:\/\/www.von-looses-reith.de\">Homepage<\/a><\/td><td class=\"column-5\"><a href=\"mailto:loose-vierden@t-online.de\">E-Mail an Z\u00fcchter<\/a><br \/>\nTel.: 04282 3284<\/td>\n<\/tr>\n<\/tbody>\n<\/table>\n<!-- #tablepress-5 from cache -->\t\t\t\t\t\t\t\t<\/div>\n\t\t\t\t<\/div>\n\t\t\t\t<div class=\"elementor-element elementor-element-c91b1bf elementor-widget elementor-widget-image\" data-id=\"c91b1bf\" data-element_type=\"widget\" data-e-type=\"widget\" data-widget_type=\"image.default\">\n\t\t\t\t<div class=\"elementor-widget-container\">\n\t\t\t\t\t\t\t\t\t\t\t\t\t\t\t<img decoding=\"async\" src=\"https:\/\/ssv-ev.de\/lgnord\/wp-content\/uploads\/sites\/13\/elementor\/thumbs\/FV9A6974-Bearbeitet_1-scaled-q1rnago04raerq8xw0pj490stpqnfg3hq66so1bqiw.jpg\" title=\"FV9A6974-Bearbeitet_1\" alt=\"FV9A6974-Bearbeitet_1\" loading=\"lazy\" \/>\t\t\t\t\t\t\t\t\t\t\t\t\t\t\t<\/div>\n\t\t\t\t<\/div>\n\t\t\t\t<div class=\"elementor-element elementor-element-843a6a8 elementor-widget elementor-widget-heading\" data-id=\"843a6a8\" data-element_type=\"widget\" data-e-type=\"widget\" data-widget_type=\"heading.default\">\n\t\t\t\t<div class=\"elementor-widget-container\">\n\t\t\t\t\t<h2 class=\"elementor-heading-title elementor-size-default\">Berner Sennenhunde<\/h2>\t\t\t\t<\/div>\n\t\t\t\t<\/div>\n\t\t\t\t<div class=\"elementor-element elementor-element-5cb4cc4 elementor-widget elementor-widget-text-editor\" data-id=\"5cb4cc4\" data-element_type=\"widget\" data-e-type=\"widget\" data-widget_type=\"text-editor.default\">\n\t\t\t\t<div class=\"elementor-widget-container\">\n\t\t\t\t\t\t\t\t\t\n<table id=\"tablepress-7\" class=\"tablepress tablepress-id-7\">\n<thead>\n<tr class=\"row-1\">\n\t<th class=\"column-1\">Zuchtst\u00e4tte<\/th><th class=\"column-2\">Name<\/th><th class=\"column-3\">PLZ\/Ort<\/th><th class=\"column-4\">Homepage<\/th><th class=\"column-5\">E-Mail\/Tel.-Nr.:<\/th>\n<\/tr>\n<\/thead>\n<tbody class=\"row-striping row-hover\">\n<tr class=\"row-2\">\n\t<td class=\"column-1\">vom Ei\u00dfendorfer Forst<\/td><td class=\"column-2\">J\u00fcrgen Kleinw\u00e4chter<\/td><td class=\"column-3\">21077 Hamburg<\/td><td class=\"column-4\"><a href=\"https:\/\/berner-vom-eissendorfer-forst.de\/\" rel=\"noopener\" target=\"_blank\">Homepage<\/a><\/td><td class=\"column-5\"><a href=\"mailto:juergen.kleinwaechter@gmail.com\" rel=\"noopener\" target=\"_blank\">E-Mail an Z\u00fcchter<\/a><br \/>\n0176 48899582<\/td>\n<\/tr>\n<tr class=\"row-3\">\n\t<td class=\"column-1\">von der Ertheneburg<\/td><td class=\"column-2\">Carola Goerigk<\/td><td class=\"column-3\">21481 Schnakenbek<\/td><td class=\"column-4\"><a href=\"http:\/\/www.ertheneburg-berner.de\" rel=\"noopener\" target=\"_blank\">Homepage<\/a><\/td><td class=\"column-5\"><a href=\"mailto:carola.goerigk@web.de\" rel=\"noopener\" target=\"_blank\">E-Mail an Z\u00fcchter<\/a><br \/>\n04153 53234<br \/>\n<\/td>\n<\/tr>\n<tr class=\"row-4\">\n\t<td class=\"column-1\">vom vor R\u00f6nk<\/td><td class=\"column-2\">Hannelore Bartels<\/td><td class=\"column-3\">22159 Hamburg<\/td><td class=\"column-4\"><a href=\"http:\/\/www.berner-vom-vor-r\u00f6nk.de\" rel=\"noopener\" target=\"_blank\">Homepage<\/a><\/td><td class=\"column-5\"><a href=\"mailto:info@berner-vom-vor-r\u00f6nk.de\" rel=\"noopener\" target=\"_blank\">E-Mail an Z\u00fcchter<\/a><br \/>\n040 6435537<\/td>\n<\/tr>\n<tr class=\"row-5\">\n\t<td class=\"column-1\">vun de Warfendeern<\/td><td class=\"column-2\">Wilma Warfen<\/td><td class=\"column-3\">23795 S\u00f6hren<\/td><td class=\"column-4\"><a href=\"https:\/\/www.berner-sennenhunde-vun-de-warfendeern.de\" title=\"Homepage\">Homepage<\/a><\/td><td class=\"column-5\"><a href=\"mailto:vun-de-warfendeern@t-online.de\" target=\"_blank\" rel=\"noopener\">E-Mail an Z\u00fcchter<\/a><br \/>\n01522 5681556<\/td>\n<\/tr>\n<tr class=\"row-6\">\n\t<td class=\"column-1\">von Achtern Felln<\/td><td class=\"column-2\">Gabriele Schr\u00f6ter<\/td><td class=\"column-3\">25474 Hasloh<\/td><td class=\"column-4\"><a href=\"https:\/\/berner-von-achtern-felln.de\" target=\"_blank\" rel=\"noopener\">Homepage<\/a><\/td><td class=\"column-5\"><a href=\"mailto:gabrieleschroeter03@gmail.com\" target=\"_blank\" rel=\"noopener\">E-Mail an Z\u00fcchter<\/a><br \/>\nTel.: 0152 52786724<\/td>\n<\/tr>\n<tr class=\"row-7\">\n\t<td class=\"column-1\">vom T\u00e4vsmoor<\/td><td class=\"column-2\">Jasmin Sch\u00fctz<\/td><td class=\"column-3\">25482 Appen<\/td><td class=\"column-4\"><a href=\"http:\/\/www.vom-Taevsmoor.de\" rel=\"noopener\" target=\"_blank\">Homepage <\/a><\/td><td class=\"column-5\"><a href=\"mailto:info@vom-taevsmoor.de\" rel=\"noopener\" target=\"_blank\">E-Mail an Z\u00fcchter<\/a><br \/>\n04101 514117<\/td>\n<\/tr>\n<tr class=\"row-8\">\n\t<td class=\"column-1\">vom Hegeler W\u00e4ldchen<\/td><td class=\"column-2\">Andrea Kranz-Eden u. Christian Kranz<\/td><td class=\"column-3\">26197 Gro\u00dfenkneten<\/td><td class=\"column-4\"><a href=\"https:\/\/berner-vom-hegeler-waeldchen.de\/\" rel=\"noopener\" target=\"_blank\">Homepage<\/a><\/td><td class=\"column-5\"><a href=\"mailto:andrea.kranz.eden@gmail.com\" rel=\"noopener\" target=\"_blank\">E-Mail an Z\u00fcchter<\/a><br \/>\n0162 2328183<\/td>\n<\/tr>\n<tr class=\"row-9\">\n\t<td class=\"column-1\">Fehntjer Deep<\/td><td class=\"column-2\">Gesa u. Jessica Simmering<\/td><td class=\"column-3\">26629 Gro\u00dfefehn<\/td><td class=\"column-4\"><a href=\"https:\/\/fehntjer-deep.de\/\" rel=\"noopener\" target=\"_blank\">Homepage<\/a><\/td><td class=\"column-5\"><a href=\"mailto:fehntjer.deep@ewetel.net\" rel=\"noopener\" target=\"_blank\">E-Mail an Z\u00fcchter<\/a><br \/>\n<\/td>\n<\/tr>\n<tr class=\"row-10\">\n\t<td class=\"column-1\">vom Lehrpfad<\/td><td class=\"column-2\">Stephan und Anke Neubert<\/td><td class=\"column-3\">27442 Gnarrenburg<\/td><td class=\"column-4\"><a href=\"http:\/\/www.berner-vom-lehrpfad.de\">Homepage<\/a><\/td><td class=\"column-5\"><a href=\"mailto:stephan.neubert@ewetel.net\">E-Mail an Z\u00fcchter<\/a><br \/>\n04763 627118<\/td>\n<\/tr>\n<tr class=\"row-11\">\n\t<td class=\"column-1\">vom Lohmsmoor<\/td><td class=\"column-2\">Olaf und Angela Hein<\/td><td class=\"column-3\">27474 Cuxhaven<\/td><td class=\"column-4\"><a href=\"http:\/\/www.cuxland-berner.de\">Homepage<\/a><\/td><td class=\"column-5\"><a href=\"mailto:cuxland-berner@web.de\">E-Mail an Z\u00fcchter<\/a><br \/>\n0176 70594941<\/td>\n<\/tr>\n<tr class=\"row-12\">\n\t<td class=\"column-1\">Von der Holter H\u00f6he<\/td><td class=\"column-2\">Malte Bl\u00f6mer<\/td><td class=\"column-3\">27476 Cuxhaven<\/td><td class=\"column-4\"><a href=\"http:\/\/www.berner-holter-hoehe.de\" rel=\"noopener\" target=\"_blank\">Homepage<\/a><\/td><td class=\"column-5\"><a href=\"mailto:jennifer.bloemer@t-online.de\" rel=\"noopener\" target=\"_blank\">E-Mail an Z\u00fcchter<\/a><br \/>\n04721 424269<\/td>\n<\/tr>\n<tr class=\"row-13\">\n\t<td class=\"column-1\"><\/td><td class=\"column-2\"><\/td><td class=\"column-3\"><\/td><td class=\"column-4\"><\/td><td class=\"column-5\"><\/td>\n<\/tr>\n<tr class=\"row-14\">\n\t<td class=\"column-1\"><\/td><td class=\"column-2\"><\/td><td class=\"column-3\"><\/td><td class=\"column-4\"><\/td><td class=\"column-5\"><\/td>\n<\/tr>\n<tr class=\"row-15\">\n\t<td class=\"column-1\"><\/td><td class=\"column-2\"><\/td><td class=\"column-3\"><\/td><td class=\"column-4\"><\/td><td class=\"column-5\"><\/td>\n<\/tr>\n<tr class=\"row-16\">\n\t<td class=\"column-1\"><\/td><td class=\"column-2\"><\/td><td class=\"column-3\"><\/td><td class=\"column-4\"><\/td><td class=\"column-5\"><\/td>\n<\/tr>\n<tr class=\"row-17\">\n\t<td class=\"column-1\"><\/td><td class=\"column-2\"><\/td><td class=\"column-3\"><\/td><td class=\"column-4\"><\/td><td class=\"column-5\"><\/td>\n<\/tr>\n<\/tbody>\n<\/table>\n<!-- #tablepress-7 from cache -->\t\t\t\t\t\t\t\t<\/div>\n\t\t\t\t<\/div>\n\t\t\t\t<div class=\"elementor-element elementor-element-2439825 elementor-widget elementor-widget-image\" data-id=\"2439825\" data-element_type=\"widget\" data-e-type=\"widget\" data-widget_type=\"image.default\">\n\t\t\t\t<div class=\"elementor-widget-container\">\n\t\t\t\t\t\t\t\t\t\t\t\t\t\t\t<img decoding=\"async\" src=\"https:\/\/ssv-ev.de\/lgnord\/wp-content\/uploads\/sites\/13\/elementor\/thumbs\/008-q1rnagnzrlnhabstkcg6hfdaiih5tx4rymt8tm6kik.jpg\" title=\"008\" alt=\"008\" loading=\"lazy\" \/>\t\t\t\t\t\t\t\t\t\t\t\t\t\t\t<\/div>\n\t\t\t\t<\/div>\n\t\t\t\t<div class=\"elementor-element elementor-element-a33d028 elementor-widget elementor-widget-heading\" data-id=\"a33d028\" data-element_type=\"widget\" data-e-type=\"widget\" data-widget_type=\"heading.default\">\n\t\t\t\t<div class=\"elementor-widget-container\">\n\t\t\t\t\t<h2 class=\"elementor-heading-title elementor-size-default\">Entlebucher Sennenhunde<\/h2>\t\t\t\t<\/div>\n\t\t\t\t<\/div>\n\t\t\t\t<div class=\"elementor-element elementor-element-b8c5a0c elementor-widget elementor-widget-text-editor\" data-id=\"b8c5a0c\" data-element_type=\"widget\" data-e-type=\"widget\" data-widget_type=\"text-editor.default\">\n\t\t\t\t<div class=\"elementor-widget-container\">\n\t\t\t\t\t\t\t\t\t\n<table id=\"tablepress-6\" class=\"tablepress tablepress-id-6\">\n<thead>\n<tr class=\"row-1\">\n\t<th class=\"column-1\">Zuchtst\u00e4tte<\/th><th class=\"column-2\">Name<\/th><th class=\"column-3\">PLZ\/Ort<\/th><th class=\"column-4\">Homepage<\/th><th class=\"column-5\">E-Mail\/Tel.-Nr.:<\/th>\n<\/tr>\n<\/thead>\n<tbody class=\"row-striping row-hover\">\n<tr class=\"row-2\">\n\t<td class=\"column-1\">Moisburger Entlies<\/td><td class=\"column-2\">Rinklin<\/td><td class=\"column-3\">21647 Moisburg<\/td><td class=\"column-4\"><a href=\"https:\/\/moisburger-entlies.de\">&#8222;Homepage&#8220;<\/a><\/td><td class=\"column-5\"><a href=\"mailto:IhrZuechter@moisburger-entlies.de\">E-Mail an Z\u00fcchter<br \/>\n04165 9789785<\/td>\n<\/tr>\n<tr class=\"row-3\">\n\t<td class=\"column-1\">Ut de Entlebucher Kinnerstuuv<\/td><td class=\"column-2\">Rolf Gaspers<\/td><td class=\"column-3\">24539 Neum\u00fcnster<\/td><td class=\"column-4\"><a href=\"http:\/\/www.ut-de-entlebucher-kinnerstuuv.eu\">Homepage<\/a><\/td><td class=\"column-5\">0171 3883366<\/td>\n<\/tr>\n<tr class=\"row-4\">\n\t<td class=\"column-1\">L\u00fctten Dieks<\/td><td class=\"column-2\">Elke Scherg<\/td><td class=\"column-3\">27639 Wurster Nordseek\u00fcste<\/td><td class=\"column-4\"><a href=\"http:\/\/www.luetten-dieks.eu\">Homepage<\/a><\/td><td class=\"column-5\"><a href=\"mailto:stina@luetten-dieks.eu\">Email an Z\u00fcchter<br \/>\n04741 913063<\/td>\n<\/tr>\n<\/tbody>\n<\/table>\n<!-- #tablepress-6 from cache -->\t\t\t\t\t\t\t\t<\/div>\n\t\t\t\t<\/div>\n\t\t\t\t\t<\/div>\n\t\t<\/div>\n\t\t\t\t<div class=\"elementor-column elementor-col-50 elementor-inner-column elementor-element elementor-element-1c90e747\" data-id=\"1c90e747\" data-element_type=\"column\" data-e-type=\"column\">\n\t\t\t<div class=\"elementor-widget-wrap elementor-element-populated\">\n\t\t\t\t\t\t<div class=\"elementor-element elementor-element-06c7fe0 animated-slow elementor-widget-divider--separator-type-pattern elementor-widget-divider--bg-round elementor-widget-divider--view-line elementor-invisible elementor-widget elementor-widget-divider\" data-id=\"06c7fe0\" data-element_type=\"widget\" data-e-type=\"widget\" data-settings=\"{&quot;_animation&quot;:&quot;fadeInLeft&quot;}\" data-widget_type=\"divider.default\">\n\t\t\t\t<div class=\"elementor-widget-container\">\n\t\t\t\t\t\t\t<div class=\"elementor-divider\" style=\"--divider-pattern-url: url(&quot;data:image\/svg+xml,%3Csvg xmlns=&#039;http:\/\/www.w3.org\/2000\/svg&#039; preserveAspectRatio=&#039;xMidYMid meet&#039; overflow=&#039;visible&#039; height=&#039;100%&#039; viewBox=&#039;0 0 24 24&#039; fill=&#039;black&#039; stroke=&#039;none&#039;%3E%3Cpath d=&#039;M14.2,4c0.3,0,0.5,0.1,0.7,0.3l7.9,7.2c0.2,0.2,0.3,0.4,0.3,0.7s-0.1,0.5-0.3,0.7l-7.9,7.2c-0.2,0.2-0.4,0.3-0.7,0.3s-0.5-0.1-0.7-0.3s-0.3-0.4-0.3-0.7l0-2.9l-11.5,0c-0.4,0-0.7-0.3-0.7-0.7V9.4C1,9,1.3,8.7,1.7,8.7l11.5,0l0-3.6c0-0.3,0.1-0.5,0.3-0.7S13.9,4,14.2,4z&#039;\/%3E%3C\/svg%3E&quot;);\">\n\t\t\t<span class=\"elementor-divider-separator\">\n\t\t\t\t\t\t<\/span>\n\t\t<\/div>\n\t\t\t\t\t\t<\/div>\n\t\t\t\t<\/div>\n\t\t\t\t<div class=\"elementor-element elementor-element-7f8eebc elementor-widget elementor-widget-text-editor\" data-id=\"7f8eebc\" data-element_type=\"widget\" data-e-type=\"widget\" data-widget_type=\"text-editor.default\">\n\t\t\t\t<div class=\"elementor-widget-container\">\n\t\t\t\t\t\t\t\t\t<ul><li><a href=\"http:\/\/ssv-ev.de\/lgnord\/der-vorstand\/\">Der Vorstand<\/a><\/li><li><a href=\"http:\/\/ssv-ev.de\/lgnord\/aktuelles\/\">Aktuelles<\/a><\/li><li><a href=\"http:\/\/ssv-ev.de\/lgnord\/termine\/\">Termine<\/a><\/li><li><a href=\"http:\/\/ssv-ev.de\/lgnord\/deckrueden\/\">Deckr\u00fcden<\/a><\/li><li><a href=\"http:\/\/ssv-ev.de\/lgnord\/zuechter\/\">Z\u00fcchter<\/a><\/li><li><a href=\"http:\/\/ssv-ev.de\/lgnord\/links\/\">Links<\/a><\/li><li><a href=\"http:\/\/ssv-ev.de\/lgnord\/kontakt\/\">Kontakt<\/a><\/li><\/ul>\t\t\t\t\t\t\t\t<\/div>\n\t\t\t\t<\/div>\n\t\t\t\t\t<\/div>\n\t\t<\/div>\n\t\t\t\t\t<\/div>\n\t\t<\/section>\n\t\t\t\t\t<\/div>\n\t\t<\/div>\n\t\t\t\t\t<\/div>\n\t\t<\/section>\n\t\t\t\t<\/div>\n\t\t","protected":false},"excerpt":{"rendered":"<p>Landesgruppe Nord Z\u00fcchter Sie m\u00f6chten als Z\u00fcchter unserer Landesgruppe auf unserer&nbsp; Seite verlinkt werden? Bitte senden Sie eine E-Mail an Anke Lohmeyer. Beachten Sie bitte die Kriterien zur Verlinkung. Zuchtst\u00e4tte&nbsp;&nbsp; Name&nbsp;&nbsp; PLZ&nbsp;&nbsp; Ort&nbsp;&nbsp; Homepage&nbsp;&nbsp; E-Mail\/Tel.-Nr. Appenzeller Sennenhunde Berner Sennenhunde Entlebucher Sennenhunde Der Vorstand Aktuelles Termine Deckr\u00fcden Z\u00fcchter Links Kontakt<\/p>\n","protected":false},"author":1,"featured_media":0,"parent":0,"menu_order":0,"comment_status":"closed","ping_status":"closed","template":"","meta":{"_uf_show_specific_survey":0,"_uf_disable_surveys":false,"site-sidebar-layout":"no-sidebar","site-content-layout":"page-builder","ast-site-content-layout":"default","site-content-style":"default","site-sidebar-style":"default","ast-global-header-display":"","ast-banner-title-visibility":"","ast-main-header-display":"","ast-hfb-above-header-display":"","ast-hfb-below-header-display":"","ast-hfb-mobile-header-display":"","site-post-title":"disabled","ast-breadcrumbs-content":"","ast-featured-img":"disabled","footer-sml-layout":"","ast-disable-related-posts":"","theme-transparent-header-meta":"default","adv-header-id-meta":"","stick-header-meta":"","header-above-stick-meta":"","header-main-stick-meta":"","header-below-stick-meta":"","astra-migrate-meta-layouts":"default","ast-page-background-enabled":"default","ast-page-background-meta":{"desktop":{"background-color":"","background-image":"","background-repeat":"repeat","background-position":"center center","background-size":"auto","background-attachment":"scroll","background-type":"","background-media":"","overlay-type":"","overlay-color":"","overlay-opacity":"","overlay-gradient":""},"tablet":{"background-color":"","background-image":"","background-repeat":"repeat","background-position":"center center","background-size":"auto","background-attachment":"scroll","background-type":"","background-media":"","overlay-type":"","overlay-color":"","overlay-opacity":"","overlay-gradient":""},"mobile":{"background-color":"","background-image":"","background-repeat":"repeat","background-position":"center center","background-size":"auto","background-attachment":"scroll","background-type":"","background-media":"","overlay-type":"","overlay-color":"","overlay-opacity":"","overlay-gradient":""}},"ast-content-background-meta":{"desktop":{"background-color":"var(--ast-global-color-5)","background-image":"","background-repeat":"repeat","background-position":"center center","background-size":"auto","background-attachment":"scroll","background-type":"","background-media":"","overlay-type":"","overlay-color":"","overlay-opacity":"","overlay-gradient":""},"tablet":{"background-color":"var(--ast-global-color-5)","background-image":"","background-repeat":"repeat","background-position":"center center","background-size":"auto","background-attachment":"scroll","background-type":"","background-media":"","overlay-type":"","overlay-color":"","overlay-opacity":"","overlay-gradient":""},"mobile":{"background-color":"var(--ast-global-color-5)","background-image":"","background-repeat":"repeat","background-position":"center center","background-size":"auto","background-attachment":"scroll","background-type":"","background-media":"","overlay-type":"","overlay-color":"","overlay-opacity":"","overlay-gradient":""}},"footnotes":""},"class_list":["post-109","page","type-page","status-publish","hentry"],"_links":{"self":[{"href":"https:\/\/ssv-ev.de\/lgnord\/wp-json\/wp\/v2\/pages\/109","targetHints":{"allow":["GET"]}}],"collection":[{"href":"https:\/\/ssv-ev.de\/lgnord\/wp-json\/wp\/v2\/pages"}],"about":[{"href":"https:\/\/ssv-ev.de\/lgnord\/wp-json\/wp\/v2\/types\/page"}],"author":[{"embeddable":true,"href":"https:\/\/ssv-ev.de\/lgnord\/wp-json\/wp\/v2\/users\/1"}],"replies":[{"embeddable":true,"href":"https:\/\/ssv-ev.de\/lgnord\/wp-json\/wp\/v2\/comments?post=109"}],"version-history":[{"count":10,"href":"https:\/\/ssv-ev.de\/lgnord\/wp-json\/wp\/v2\/pages\/109\/revisions"}],"predecessor-version":[{"id":1218,"href":"https:\/\/ssv-ev.de\/lgnord\/wp-json\/wp\/v2\/pages\/109\/revisions\/1218"}],"wp:attachment":[{"href":"https:\/\/ssv-ev.de\/lgnord\/wp-json\/wp\/v2\/media?parent=109"}],"curies":[{"name":"wp","href":"https:\/\/api.w.org\/{rel}","templated":true}]}}